{"id":111,"date":"2025-08-20T23:27:34","date_gmt":"2025-08-20T21:27:34","guid":{"rendered":"https:\/\/azdetektyw.pl\/?page_id=111"},"modified":"2025-11-02T16:37:31","modified_gmt":"2025-11-02T15:37:31","slug":"o-nas_detektyw_torun","status":"publish","type":"page","link":"https:\/\/azdetektyw.pl\/index.php\/o-nas_detektyw_torun\/","title":{"rendered":"O nas"},"content":{"rendered":"<p>[et_pb_section fb_built=&#8221;1&#8243; admin_label=&#8221;Call to Action&#8221; _builder_version=&#8221;4.27.4&#8243; _module_preset=&#8221;default&#8221; custom_padding=&#8221;110px||110px||true|false&#8221; locked=&#8221;off&#8221; global_colors_info=&#8221;{}&#8221;][et_pb_row column_structure=&#8221;1_2,1_2&#8243; _builder_version=&#8221;4.27.4&#8243; _module_preset=&#8221;default&#8221; max_width=&#8221;1100px&#8221; global_colors_info=&#8221;{}&#8221;][et_pb_column type=&#8221;1_2&#8243; _builder_version=&#8221;4.16&#8243; _module_preset=&#8221;default&#8221; global_colors_info=&#8221;{}&#8221;][et_pb_text _builder_version=&#8221;4.27.4&#8243; _module_preset=&#8221;b6cb9bd8-0fbd-4699-b58d-51b3d480db23&#8243; text_font=&#8221;Merriweather||||||||&#8221; header_font=&#8221;Montserrat||||||||&#8221; header_font_size=&#8221;40px&#8221; header_2_font=&#8221;Montserrat|700|||||||&#8221; header_2_text_color=&#8221;#000000&#8243; header_2_font_size=&#8221;50px&#8221; header_2_line_height=&#8221;1.2em&#8221; custom_margin=&#8221;||10px||false|false&#8221; header_2_font_size_tablet=&#8221;32px&#8221; header_2_font_size_phone=&#8221;20px&#8221; header_2_font_size_last_edited=&#8221;on|tablet&#8221; header_2_line_height_tablet=&#8221;1.3em&#8221; header_2_line_height_phone=&#8221;1.4em&#8221; header_2_line_height_last_edited=&#8221;on|phone&#8221; global_colors_info=&#8221;{}&#8221;]<\/p>\n<h1>Pierwsze kobiece <strong>biuro detektywistyczne<\/strong><\/h1>\n<p>[\/et_pb_text][et_pb_text _builder_version=&#8221;4.27.4&#8243; _module_preset=&#8221;f0cf31b9-b2e7-4752-a57c-6e2f73347b36&#8243; text_font=&#8221;Montserrat||||||||&#8221; text_text_color=&#8221;#000000&#8243; text_font_size=&#8221;16px&#8221; text_line_height=&#8221;1.8em&#8221; custom_padding=&#8221;20px||20px||true|false&#8221; text_font_size_tablet=&#8221;14px&#8221; text_font_size_phone=&#8221;12px&#8221; text_font_size_last_edited=&#8221;on|desktop&#8221; header_font_size_tablet=&#8221;55px&#8221; header_font_size_last_edited=&#8221;off|desktop&#8221; global_colors_info=&#8221;{}&#8221;]<\/p>\n<p><b>\u00a0Za\u0142o\u017cycielka AZ Detektyw &#8211; Agnieszka Zdziech<\/b><\/p>\n<p><span style=\"font-weight: 400;\">Licencjonowana detektyw i specjalistka od bia\u0142ego wywiadu <\/span><span style=\"font-weight: 400;\">(OSINT). By\u0142a analityk w Zespole Przeciwdzia\u0142ania Dezinformacji Instytutu Badawczego NASK. Ekspertka w zakresie analizy informacji i prowadzenia obserwacji. Wsp\u00f3\u0142pracuje z najwi\u0119kszymi biurami detektywistycznymi w regionie.<br \/><\/span><span style=\"font-weight: 400;\"><\/span><\/p>\n<p><span style=\"font-weight: 400;\">Specjalizacja: wykrywanie zdrad, sprawy rozwodowe i alimentacyjne, dostarczanie dowod\u00f3w do s\u0105du.<\/span><\/p>\n<p><span style=\"font-weight: 400;\">Posiadamy dokumenty uprawniaj\u0105ce do \u015bwiadczenia us\u0142ug detektywistycznych:<\/span><\/p>\n<ul>\n<li style=\"font-weight: 400;\" aria-level=\"1\"><span style=\"font-weight: 400;\">wa\u017cn\u0105 licencj\u0119 detektywa, nr licencji 0000007<\/span><\/li>\n<li style=\"font-weight: 400;\" aria-level=\"1\"><span style=\"font-weight: 400;\">wpis do rejestru MSW, nr <span>RD-98\/2025<\/span><\/span><\/li>\n<li style=\"font-weight: 400;\" aria-level=\"1\"><span style=\"font-weight: 400;\">aktualna polisa OC<\/span><span style=\"font-weight: 400;\"><\/span><\/li>\n<\/ul>\n<p><span style=\"font-weight: 400;\">AZ Detektyw &#8211; dyskrecja, prywatno\u015b\u0107, dzia\u0142anie zgodne z prawem.<\/span><\/p>\n<p><span style=\"font-weight: 400;\">Nasze <strong>biuro detektywistyczne<\/strong> ma swoj\u0105 siedzib\u0119 w Toruniu. Dzia\u0142amy na terenie ca\u0142ego\u00a0 wojew\u00f3dztwa kujawsko-pomorskiego oraz zachodniopomorskiego.<\/span><\/p>\n<p><strong data-start=\"987\" data-end=\"1005\">Detektyw Toru\u0144<\/strong>, <strong data-start=\"1007\" data-end=\"1029\">detektyw Bydgoszcz, Detektyw W\u0142oc\u0142awek, Detektyw Brodnica, Detektyw Inowroc\u0142aw, Detektyw Grudzi\u0105dz<\/strong><strong data-start=\"1007\" data-end=\"1029\"><\/strong><\/p>\n<p><strong data-start=\"1007\" data-end=\"1029\">Detektyw Szczecin, Detektyw Koszalin, Detektyw Gorz\u00f3w Wielkopolski, Detektyw Stargard<\/strong><\/p>\n<p><strong data-start=\"1007\" data-end=\"1029\"><\/strong><\/p>\n<p>&nbsp;<\/p>\n<p><span style=\"font-weight: 400;\"><strong><\/strong><\/span><\/p>\n<p>&nbsp;<\/p>\n<p>[\/et_pb_text][\/et_pb_column][et_pb_column type=&#8221;1_2&#8243; _builder_version=&#8221;4.16&#8243; _module_preset=&#8221;default&#8221; global_colors_info=&#8221;{}&#8221;][et_pb_image src=&#8221;https:\/\/azdetektyw.pl\/wp-content\/uploads\/2025\/11\/prywatny-detektyw-torun.jpg&#8221; alt=&#8221;Detektyw Toru\u0144&#8221; title_text=&#8221;prywatny detektyw toru\u0144&#8221; _builder_version=&#8221;4.27.4&#8243; _module_preset=&#8221;default&#8221; global_colors_info=&#8221;{}&#8221;][\/et_pb_image][\/et_pb_column][\/et_pb_row][\/et_pb_section][et_pb_section fb_built=&#8221;1&#8243; _builder_version=&#8221;4.27.4&#8243; _module_preset=&#8221;default&#8221; global_colors_info=&#8221;{}&#8221;][\/et_pb_section][et_pb_section fb_built=&#8221;1&#8243; admin_label=&#8221;Footer&#8221; _builder_version=&#8221;4.16&#8243; _module_preset=&#8221;default&#8221; background_color=&#8221;#C8D9D5&#8243; custom_padding=&#8221;0px||0px||true|false&#8221; locked=&#8221;off&#8221; global_colors_info=&#8221;{}&#8221;][et_pb_row column_structure=&#8221;2_5,3_5&#8243; make_equal=&#8221;on&#8221; _builder_version=&#8221;4.27.4&#8243; _module_preset=&#8221;default&#8221; custom_padding=&#8221;0px||0px||true|false&#8221; global_colors_info=&#8221;{}&#8221;][et_pb_column type=&#8221;2_5&#8243; _builder_version=&#8221;4.16&#8243; _module_preset=&#8221;default&#8221; background_enable_color=&#8221;off&#8221; custom_padding=&#8221;8vw||8vw||true|false&#8221; custom_padding_tablet=&#8221;80px|0px|80px|0px|true|true&#8221; custom_padding_phone=&#8221;60px|0px|60px|0px|true|true&#8221; custom_padding_last_edited=&#8221;off|desktop&#8221; global_colors_info=&#8221;{}&#8221;][et_pb_text _builder_version=&#8221;4.16&#8243; _module_preset=&#8221;7881ab5e-a97a-4c4b-9080-7f7a75e3a6bb&#8221; header_font=&#8221;||||||||&#8221; header_4_font=&#8221;Merriweather|700|||||||&#8221; header_4_text_color=&#8221;#000000&#8243; header_4_line_height=&#8221;1.6em&#8221; custom_margin=&#8221;||0px||false|false&#8221; header_4_font_size_tablet=&#8221;16px&#8221; header_4_font_size_phone=&#8221;14px&#8221; header_4_font_size_last_edited=&#8221;on|phone&#8221; header_4_line_height_tablet=&#8221;&#8221; header_4_line_height_phone=&#8221;1.8em&#8221; header_4_line_height_last_edited=&#8221;on|tablet&#8221; global_colors_info=&#8221;{}&#8221;]<\/p>\n<h4>Gdzie dzia\u0142amy?<\/h4>\n<p>[\/et_pb_text][et_pb_text _builder_version=&#8221;4.27.4&#8243; _module_preset=&#8221;107910b9-168c-4dc6-8a4a-e56312f3346f&#8221; text_text_color=&#8221;#000000&#8243; text_line_height=&#8221;1.8em&#8221; custom_margin=&#8221;||30px||false|false&#8221; header_font_size_tablet=&#8221;55px&#8221; header_font_size_last_edited=&#8221;off|desktop&#8221; global_colors_info=&#8221;{}&#8221;]<\/p>\n<p><b>Detektyw Toru\u0144<\/b><\/p>\n<p><b>Detektyw Bydgoszcz<\/b><\/p>\n<p><b>Detektyw Grudzi\u0105dz<\/b><\/p>\n<p><b>Detektyw Inowroc\u0142aw<\/b><\/p>\n<p><b>Detektyw W\u0142oc\u0142awek<\/b><\/p>\n<p><b>Detektyw Che\u0142mno<\/b><\/p>\n<p><b>Detektyw Brodnica<\/b><\/p>\n<p><b>Detektyw Szczecin<\/b><\/p>\n<p><b>Detektyw Koszalin<\/b><\/p>\n<p><b>Detektyw Stargard<\/b><\/p>\n<p><b>Detektyw Gorz\u00f3w Wielkopolski<\/b><\/p>\n<p>[\/et_pb_text][et_pb_text _builder_version=&#8221;4.27.4&#8243; _module_preset=&#8221;7881ab5e-a97a-4c4b-9080-7f7a75e3a6bb&#8221; header_font=&#8221;||||||||&#8221; header_4_font=&#8221;Merriweather|700|||||||&#8221; header_4_text_color=&#8221;#000000&#8243; header_4_line_height=&#8221;1.6em&#8221; custom_margin=&#8221;||0px||false|false&#8221; header_4_font_size_tablet=&#8221;16px&#8221; header_4_font_size_phone=&#8221;14px&#8221; header_4_font_size_last_edited=&#8221;on|phone&#8221; header_4_line_height_tablet=&#8221;&#8221; header_4_line_height_phone=&#8221;1.8em&#8221; header_4_line_height_last_edited=&#8221;on|tablet&#8221; locked=&#8221;off&#8221; global_colors_info=&#8221;{}&#8221;]<\/p>\n<h4>Telefon<\/h4>\n<p>[\/et_pb_text][et_pb_text _builder_version=&#8221;4.27.4&#8243; _module_preset=&#8221;107910b9-168c-4dc6-8a4a-e56312f3346f&#8221; text_text_color=&#8221;#000000&#8243; text_line_height=&#8221;1.8em&#8221; custom_margin=&#8221;||30px||false|false&#8221; header_font_size_tablet=&#8221;55px&#8221; header_font_size_last_edited=&#8221;off|desktop&#8221; locked=&#8221;off&#8221; global_colors_info=&#8221;{}&#8221;]<\/p>\n<p>790 554 301<\/p>\n<p>[\/et_pb_text][et_pb_text _builder_version=&#8221;4.27.4&#8243; _module_preset=&#8221;7881ab5e-a97a-4c4b-9080-7f7a75e3a6bb&#8221; header_font=&#8221;||||||||&#8221; header_4_font=&#8221;Merriweather|700|||||||&#8221; header_4_text_color=&#8221;#000000&#8243; header_4_line_height=&#8221;1.6em&#8221; custom_margin=&#8221;||0px||false|false&#8221; header_4_font_size_tablet=&#8221;16px&#8221; header_4_font_size_phone=&#8221;14px&#8221; header_4_font_size_last_edited=&#8221;on|phone&#8221; header_4_line_height_tablet=&#8221;&#8221; header_4_line_height_phone=&#8221;1.8em&#8221; header_4_line_height_last_edited=&#8221;on|tablet&#8221; locked=&#8221;off&#8221; global_colors_info=&#8221;{}&#8221;]<\/p>\n<h4>Email<\/h4>\n<p>[\/et_pb_text][et_pb_text _builder_version=&#8221;4.27.4&#8243; _module_preset=&#8221;107910b9-168c-4dc6-8a4a-e56312f3346f&#8221; text_text_color=&#8221;#000000&#8243; text_line_height=&#8221;1.8em&#8221; link_text_color=&#8221;#000000&#8243; header_font_size_tablet=&#8221;55px&#8221; header_font_size_last_edited=&#8221;off|desktop&#8221; locked=&#8221;off&#8221; global_colors_info=&#8221;{}&#8221;]<\/p>\n<p>kontakt@azdetektyw.pl<\/p>\n<p>[\/et_pb_text][\/et_pb_column][et_pb_column type=&#8221;3_5&#8243; _builder_version=&#8221;4.16&#8243; _module_preset=&#8221;default&#8221; background_color=&#8221;#000000&#8243; custom_padding=&#8221;8vw||8vw|60px|true|false&#8221; custom_padding_tablet=&#8221;|30px||30px|false|true&#8221; custom_padding_phone=&#8221;|20px||20px|false|true&#8221; custom_padding_last_edited=&#8221;on|phone&#8221; box_shadow_style=&#8221;preset4&#8243; box_shadow_horizontal=&#8221;25vw&#8221; box_shadow_vertical=&#8221;0px&#8221; box_shadow_color=&#8221;#000000&#8243; box_shadow_horizontal_tablet=&#8221;0vw&#8221; box_shadow_horizontal_phone=&#8221;&#8221; box_shadow_horizontal_last_edited=&#8221;on|tablet&#8221; global_colors_info=&#8221;{}&#8221;][et_pb_text _builder_version=&#8221;4.16&#8243; _module_preset=&#8221;b6cb9bd8-0fbd-4699-b58d-51b3d480db23&#8243; header_2_font=&#8221;Merriweather|700|||||||&#8221; header_2_text_color=&#8221;#FFFFFF&#8221; header_2_font_size=&#8221;52px&#8221; header_2_line_height=&#8221;1.2em&#8221; custom_margin=&#8221;||40px||false|false&#8221; custom_margin_tablet=&#8221;&#8221; custom_margin_phone=&#8221;||20px||false|false&#8221; custom_margin_last_edited=&#8221;on|phone&#8221; header_2_font_size_tablet=&#8221;32px&#8221; header_2_font_size_phone=&#8221;20px&#8221; header_2_font_size_last_edited=&#8221;on|tablet&#8221; header_2_line_height_tablet=&#8221;1.3em&#8221; header_2_line_height_phone=&#8221;1.4em&#8221; header_2_line_height_last_edited=&#8221;on|phone&#8221; global_colors_info=&#8221;{}&#8221;]<\/p>\n<h2>Skontaktuj si\u0119 z nami<\/h2>\n<p>[\/et_pb_text][et_pb_contact_form captcha=&#8221;off&#8221; email=&#8221;azdetektyw@gmail.com&#8221; _builder_version=&#8221;4.27.4&#8243; _module_preset=&#8221;_initial&#8221; form_field_background_color=&#8221;RGBA(0,0,0,0)&#8221; form_field_text_color=&#8221;#FFFFFF&#8221; form_field_font_size=&#8221;16px&#8221; form_field_line_height=&#8221;1.8em&#8221; custom_button=&#8221;on&#8221; button_text_size=&#8221;14px&#8221; button_text_color=&#8221;#FFFFFF&#8221; button_bg_color=&#8221;#FD6439&#8243; button_border_width=&#8221;0px&#8221; button_border_radius=&#8221;0px&#8221; button_letter_spacing=&#8221;1px&#8221; button_font=&#8221;Merriweather|700||on|||||&#8221; button_icon=&#8221;&#x24;||divi||400&#8243; button_custom_margin=&#8221;8px||||false|false&#8221; button_custom_padding=&#8221;16px|32px|16px|32px|true|true&#8221; form_field_font_size_tablet=&#8221;15px&#8221; form_field_font_size_phone=&#8221;14px&#8221; form_field_font_size_last_edited=&#8221;on|desktop&#8221; border_width_all=&#8221;1px&#8221; border_color_all=&#8221;#FFFFFF&#8221; global_colors_info=&#8221;{}&#8221;][et_pb_contact_field field_id=&#8221;Name&#8221; field_title=&#8221;tu wpisz swoje imi\u0119&#8221; _builder_version=&#8221;4.27.4&#8243; global_colors_info=&#8221;{}&#8221; button_text_size__hover_enabled=&#8221;off&#8221; button_one_text_size__hover_enabled=&#8221;off&#8221; button_two_text_size__hover_enabled=&#8221;off&#8221; button_text_color__hover_enabled=&#8221;off&#8221; button_one_text_color__hover_enabled=&#8221;off&#8221; button_two_text_color__hover_enabled=&#8221;off&#8221; button_border_width__hover_enabled=&#8221;off&#8221; button_one_border_width__hover_enabled=&#8221;off&#8221; button_two_border_width__hover_enabled=&#8221;off&#8221; button_border_color__hover_enabled=&#8221;off&#8221; button_one_border_color__hover_enabled=&#8221;off&#8221; button_two_border_color__hover_enabled=&#8221;off&#8221; button_border_radius__hover_enabled=&#8221;off&#8221; button_one_border_radius__hover_enabled=&#8221;off&#8221; button_two_border_radius__hover_enabled=&#8221;off&#8221; button_letter_spacing__hover_enabled=&#8221;off&#8221; button_one_letter_spacing__hover_enabled=&#8221;off&#8221; button_two_letter_spacing__hover_enabled=&#8221;off&#8221; button_bg_color__hover_enabled=&#8221;off&#8221; button_one_bg_color__hover_enabled=&#8221;off&#8221; button_two_bg_color__hover_enabled=&#8221;off&#8221;][\/et_pb_contact_field][et_pb_contact_field field_id=&#8221;Email&#8221; field_title=&#8221;Email &#8221; field_type=&#8221;email&#8221; _builder_version=&#8221;4.27.4&#8243; global_colors_info=&#8221;{}&#8221; button_text_size__hover_enabled=&#8221;off&#8221; button_one_text_size__hover_enabled=&#8221;off&#8221; button_two_text_size__hover_enabled=&#8221;off&#8221; button_text_color__hover_enabled=&#8221;off&#8221; button_one_text_color__hover_enabled=&#8221;off&#8221; button_two_text_color__hover_enabled=&#8221;off&#8221; button_border_width__hover_enabled=&#8221;off&#8221; button_one_border_width__hover_enabled=&#8221;off&#8221; button_two_border_width__hover_enabled=&#8221;off&#8221; button_border_color__hover_enabled=&#8221;off&#8221; button_one_border_color__hover_enabled=&#8221;off&#8221; button_two_border_color__hover_enabled=&#8221;off&#8221; button_border_radius__hover_enabled=&#8221;off&#8221; button_one_border_radius__hover_enabled=&#8221;off&#8221; button_two_border_radius__hover_enabled=&#8221;off&#8221; button_letter_spacing__hover_enabled=&#8221;off&#8221; button_one_letter_spacing__hover_enabled=&#8221;off&#8221; button_two_letter_spacing__hover_enabled=&#8221;off&#8221; button_bg_color__hover_enabled=&#8221;off&#8221; button_one_bg_color__hover_enabled=&#8221;off&#8221; button_two_bg_color__hover_enabled=&#8221;off&#8221;][\/et_pb_contact_field][et_pb_contact_field field_id=&#8221;Message&#8221; field_title=&#8221;opisz swoj\u0105 spraw\u0119&#8221; field_type=&#8221;text&#8221; fullwidth_field=&#8221;on&#8221; _builder_version=&#8221;4.27.4&#8243; global_colors_info=&#8221;{}&#8221; button_text_size__hover_enabled=&#8221;off&#8221; button_one_text_size__hover_enabled=&#8221;off&#8221; button_two_text_size__hover_enabled=&#8221;off&#8221; button_text_color__hover_enabled=&#8221;off&#8221; button_one_text_color__hover_enabled=&#8221;off&#8221; button_two_text_color__hover_enabled=&#8221;off&#8221; button_border_width__hover_enabled=&#8221;off&#8221; button_one_border_width__hover_enabled=&#8221;off&#8221; button_two_border_width__hover_enabled=&#8221;off&#8221; button_border_color__hover_enabled=&#8221;off&#8221; button_one_border_color__hover_enabled=&#8221;off&#8221; button_two_border_color__hover_enabled=&#8221;off&#8221; button_border_radius__hover_enabled=&#8221;off&#8221; button_one_border_radius__hover_enabled=&#8221;off&#8221; button_two_border_radius__hover_enabled=&#8221;off&#8221; button_letter_spacing__hover_enabled=&#8221;off&#8221; button_one_letter_spacing__hover_enabled=&#8221;off&#8221; button_two_letter_spacing__hover_enabled=&#8221;off&#8221; button_bg_color__hover_enabled=&#8221;off&#8221; button_one_bg_color__hover_enabled=&#8221;off&#8221; button_two_bg_color__hover_enabled=&#8221;off&#8221;][\/et_pb_contact_field][\/et_pb_contact_form][\/et_pb_column][\/et_pb_row][\/et_pb_section]<\/p>\n","protected":false},"excerpt":{"rendered":"<p>Pierwsze kobiece biuro detektywistyczne\u00a0Za\u0142o\u017cycielka AZ Detektyw &#8211; Agnieszka Zdziech Licencjonowana detektyw i specjalistka od bia\u0142ego wywiadu (OSINT). By\u0142a analityk w Zespole Przeciwdzia\u0142ania Dezinformacji Instytutu Badawczego NASK. Ekspertka w zakresie analizy informacji i prowadzenia obserwacji. Wsp\u00f3\u0142pracuje z najwi\u0119kszymi biurami detektywistycznymi w regionie. Specjalizacja: wykrywanie zdrad, sprawy rozwodowe i alimentacyjne, dostarczanie dowod\u00f3w do s\u0105du. Posiadamy dokumenty uprawniaj\u0105ce [&hellip;]<\/p>\n","protected":false},"author":2,"featured_media":345,"parent":0,"menu_order":0,"comment_status":"closed","ping_status":"closed","template":"","meta":{"_et_pb_use_builder":"on","_et_pb_old_content":"","_et_gb_content_width":"","footnotes":""},"class_list":["post-111","page","type-page","status-publish","has-post-thumbnail","hentry"],"yoast_head":"<!-- This site is optimized with the Yoast SEO plugin v25.8 - https:\/\/yoast.com\/wordpress\/plugins\/seo\/ -->\n<title>Jedyne takie biuro detektywistyczne<\/title>\n<meta name=\"description\" content=\"Wykrywamy zdrady. Sprawy alimentacyjne. Prywatny detektyw Toru\u0144, Bydgoszcz, Brodnica, Grudzi\u0105dz.\" \/>\n<meta name=\"robots\" content=\"index, follow, max-snippet:-1, max-image-preview:large, max-video-preview:-1\" \/>\n<link rel=\"canonical\" href=\"https:\/\/azdetektyw.pl\/index.php\/o-nas_detektyw_torun\/\" \/>\n<meta property=\"og:locale\" content=\"pl_PL\" \/>\n<meta property=\"og:type\" content=\"article\" \/>\n<meta property=\"og:title\" content=\"Jedyne takie biuro detektywistyczne\" \/>\n<meta property=\"og:description\" content=\"Wykrywamy zdrady. Sprawy alimentacyjne. Prywatny detektyw Toru\u0144, Bydgoszcz, Brodnica, Grudzi\u0105dz.\" \/>\n<meta property=\"og:url\" content=\"https:\/\/azdetektyw.pl\/index.php\/o-nas_detektyw_torun\/\" \/>\n<meta property=\"og:site_name\" content=\"Azdetektyw\" \/>\n<meta property=\"article:modified_time\" content=\"2025-11-02T15:37:31+00:00\" \/>\n<meta property=\"og:image\" content=\"https:\/\/azdetektyw.pl\/wp-content\/uploads\/2025\/08\/prywatny-detektyw-Torun.png\" \/>\n\t<meta property=\"og:image:width\" content=\"600\" \/>\n\t<meta property=\"og:image:height\" content=\"650\" \/>\n\t<meta property=\"og:image:type\" content=\"image\/png\" \/>\n<meta name=\"twitter:card\" content=\"summary_large_image\" \/>\n<meta name=\"twitter:label1\" content=\"Szacowany czas czytania\" \/>\n\t<meta name=\"twitter:data1\" content=\"2 minuty\" \/>\n<script type=\"application\/ld+json\" class=\"yoast-schema-graph\">{\"@context\":\"https:\/\/schema.org\",\"@graph\":[{\"@type\":\"WebPage\",\"@id\":\"https:\/\/azdetektyw.pl\/index.php\/o-nas_detektyw_torun\/\",\"url\":\"https:\/\/azdetektyw.pl\/index.php\/o-nas_detektyw_torun\/\",\"name\":\"Jedyne takie biuro detektywistyczne\",\"isPartOf\":{\"@id\":\"https:\/\/azdetektyw.pl\/#website\"},\"primaryImageOfPage\":{\"@id\":\"https:\/\/azdetektyw.pl\/index.php\/o-nas_detektyw_torun\/#primaryimage\"},\"image\":{\"@id\":\"https:\/\/azdetektyw.pl\/index.php\/o-nas_detektyw_torun\/#primaryimage\"},\"thumbnailUrl\":\"https:\/\/azdetektyw.pl\/wp-content\/uploads\/2025\/08\/prywatny-detektyw-Torun.png\",\"datePublished\":\"2025-08-20T21:27:34+00:00\",\"dateModified\":\"2025-11-02T15:37:31+00:00\",\"description\":\"Wykrywamy zdrady. Sprawy alimentacyjne. Prywatny detektyw Toru\u0144, Bydgoszcz, Brodnica, Grudzi\u0105dz.\",\"breadcrumb\":{\"@id\":\"https:\/\/azdetektyw.pl\/index.php\/o-nas_detektyw_torun\/#breadcrumb\"},\"inLanguage\":\"pl-PL\",\"potentialAction\":[{\"@type\":\"ReadAction\",\"target\":[\"https:\/\/azdetektyw.pl\/index.php\/o-nas_detektyw_torun\/\"]}]},{\"@type\":\"ImageObject\",\"inLanguage\":\"pl-PL\",\"@id\":\"https:\/\/azdetektyw.pl\/index.php\/o-nas_detektyw_torun\/#primaryimage\",\"url\":\"https:\/\/azdetektyw.pl\/wp-content\/uploads\/2025\/08\/prywatny-detektyw-Torun.png\",\"contentUrl\":\"https:\/\/azdetektyw.pl\/wp-content\/uploads\/2025\/08\/prywatny-detektyw-Torun.png\",\"width\":600,\"height\":650,\"caption\":\"prywatny detektyw Toru\u0144\"},{\"@type\":\"BreadcrumbList\",\"@id\":\"https:\/\/azdetektyw.pl\/index.php\/o-nas_detektyw_torun\/#breadcrumb\",\"itemListElement\":[{\"@type\":\"ListItem\",\"position\":1,\"name\":\"Strona g\u0142\u00f3wna\",\"item\":\"https:\/\/azdetektyw.pl\/\"},{\"@type\":\"ListItem\",\"position\":2,\"name\":\"O nas\"}]},{\"@type\":\"WebSite\",\"@id\":\"https:\/\/azdetektyw.pl\/#website\",\"url\":\"https:\/\/azdetektyw.pl\/\",\"name\":\"Azdetektyw\",\"description\":\"Jedyne takie biuro detektywistyczne\",\"potentialAction\":[{\"@type\":\"SearchAction\",\"target\":{\"@type\":\"EntryPoint\",\"urlTemplate\":\"https:\/\/azdetektyw.pl\/?s={search_term_string}\"},\"query-input\":{\"@type\":\"PropertyValueSpecification\",\"valueRequired\":true,\"valueName\":\"search_term_string\"}}],\"inLanguage\":\"pl-PL\"}]}<\/script>\n<!-- \/ Yoast SEO plugin. -->","yoast_head_json":{"title":"Jedyne takie biuro detektywistyczne","description":"Wykrywamy zdrady. Sprawy alimentacyjne. Prywatny detektyw Toru\u0144, Bydgoszcz, Brodnica, Grudzi\u0105dz.","robots":{"index":"index","follow":"follow","max-snippet":"max-snippet:-1","max-image-preview":"max-image-preview:large","max-video-preview":"max-video-preview:-1"},"canonical":"https:\/\/azdetektyw.pl\/index.php\/o-nas_detektyw_torun\/","og_locale":"pl_PL","og_type":"article","og_title":"Jedyne takie biuro detektywistyczne","og_description":"Wykrywamy zdrady. Sprawy alimentacyjne. Prywatny detektyw Toru\u0144, Bydgoszcz, Brodnica, Grudzi\u0105dz.","og_url":"https:\/\/azdetektyw.pl\/index.php\/o-nas_detektyw_torun\/","og_site_name":"Azdetektyw","article_modified_time":"2025-11-02T15:37:31+00:00","og_image":[{"width":600,"height":650,"url":"https:\/\/azdetektyw.pl\/wp-content\/uploads\/2025\/08\/prywatny-detektyw-Torun.png","type":"image\/png"}],"twitter_card":"summary_large_image","twitter_misc":{"Szacowany czas czytania":"2 minuty"},"schema":{"@context":"https:\/\/schema.org","@graph":[{"@type":"WebPage","@id":"https:\/\/azdetektyw.pl\/index.php\/o-nas_detektyw_torun\/","url":"https:\/\/azdetektyw.pl\/index.php\/o-nas_detektyw_torun\/","name":"Jedyne takie biuro detektywistyczne","isPartOf":{"@id":"https:\/\/azdetektyw.pl\/#website"},"primaryImageOfPage":{"@id":"https:\/\/azdetektyw.pl\/index.php\/o-nas_detektyw_torun\/#primaryimage"},"image":{"@id":"https:\/\/azdetektyw.pl\/index.php\/o-nas_detektyw_torun\/#primaryimage"},"thumbnailUrl":"https:\/\/azdetektyw.pl\/wp-content\/uploads\/2025\/08\/prywatny-detektyw-Torun.png","datePublished":"2025-08-20T21:27:34+00:00","dateModified":"2025-11-02T15:37:31+00:00","description":"Wykrywamy zdrady. Sprawy alimentacyjne. Prywatny detektyw Toru\u0144, Bydgoszcz, Brodnica, Grudzi\u0105dz.","breadcrumb":{"@id":"https:\/\/azdetektyw.pl\/index.php\/o-nas_detektyw_torun\/#breadcrumb"},"inLanguage":"pl-PL","potentialAction":[{"@type":"ReadAction","target":["https:\/\/azdetektyw.pl\/index.php\/o-nas_detektyw_torun\/"]}]},{"@type":"ImageObject","inLanguage":"pl-PL","@id":"https:\/\/azdetektyw.pl\/index.php\/o-nas_detektyw_torun\/#primaryimage","url":"https:\/\/azdetektyw.pl\/wp-content\/uploads\/2025\/08\/prywatny-detektyw-Torun.png","contentUrl":"https:\/\/azdetektyw.pl\/wp-content\/uploads\/2025\/08\/prywatny-detektyw-Torun.png","width":600,"height":650,"caption":"prywatny detektyw Toru\u0144"},{"@type":"BreadcrumbList","@id":"https:\/\/azdetektyw.pl\/index.php\/o-nas_detektyw_torun\/#breadcrumb","itemListElement":[{"@type":"ListItem","position":1,"name":"Strona g\u0142\u00f3wna","item":"https:\/\/azdetektyw.pl\/"},{"@type":"ListItem","position":2,"name":"O nas"}]},{"@type":"WebSite","@id":"https:\/\/azdetektyw.pl\/#website","url":"https:\/\/azdetektyw.pl\/","name":"Azdetektyw","description":"Jedyne takie biuro detektywistyczne","potentialAction":[{"@type":"SearchAction","target":{"@type":"EntryPoint","urlTemplate":"https:\/\/azdetektyw.pl\/?s={search_term_string}"},"query-input":{"@type":"PropertyValueSpecification","valueRequired":true,"valueName":"search_term_string"}}],"inLanguage":"pl-PL"}]}},"_links":{"self":[{"href":"https:\/\/azdetektyw.pl\/index.php\/wp-json\/wp\/v2\/pages\/111","targetHints":{"allow":["GET"]}}],"collection":[{"href":"https:\/\/azdetektyw.pl\/index.php\/wp-json\/wp\/v2\/pages"}],"about":[{"href":"https:\/\/azdetektyw.pl\/index.php\/wp-json\/wp\/v2\/types\/page"}],"author":[{"embeddable":true,"href":"https:\/\/azdetektyw.pl\/index.php\/wp-json\/wp\/v2\/users\/2"}],"replies":[{"embeddable":true,"href":"https:\/\/azdetektyw.pl\/index.php\/wp-json\/wp\/v2\/comments?post=111"}],"version-history":[{"count":24,"href":"https:\/\/azdetektyw.pl\/index.php\/wp-json\/wp\/v2\/pages\/111\/revisions"}],"predecessor-version":[{"id":552,"href":"https:\/\/azdetektyw.pl\/index.php\/wp-json\/wp\/v2\/pages\/111\/revisions\/552"}],"wp:featuredmedia":[{"embeddable":true,"href":"https:\/\/azdetektyw.pl\/index.php\/wp-json\/wp\/v2\/media\/345"}],"wp:attachment":[{"href":"https:\/\/azdetektyw.pl\/index.php\/wp-json\/wp\/v2\/media?parent=111"}],"curies":[{"name":"wp","href":"https:\/\/api.w.org\/{rel}","templated":true}]}}