{"id":407,"date":"2025-09-17T14:47:04","date_gmt":"2025-09-17T12:47:04","guid":{"rendered":"https:\/\/azdetektyw.pl\/?page_id=407"},"modified":"2025-10-02T12:21:46","modified_gmt":"2025-10-02T10:21:46","slug":"detektyw-torun-blog","status":"publish","type":"page","link":"https:\/\/azdetektyw.pl\/index.php\/detektyw-torun-blog\/","title":{"rendered":"Blog"},"content":{"rendered":"\n[et_pb_section fb_built=&#8221;1&#8243; admin_label=&#8221;Blog&#8221; _builder_version=&#8221;4.25.2&#8243; _module_preset=&#8221;default&#8221; locked=&#8221;off&#8221; global_colors_info=&#8221;{}&#8221;][et_pb_row _builder_version=&#8221;4.25.2&#8243; _module_preset=&#8221;default&#8221; max_width=&#8221;1320px&#8221; global_colors_info=&#8221;{}&#8221;][et_pb_column type=&#8221;4_4&#8243; _builder_version=&#8221;4.25.2&#8243; _module_preset=&#8221;default&#8221; global_colors_info=&#8221;{}&#8221;][et_pb_heading title=&#8221;Artyku\u0142y&#8221; _builder_version=&#8221;4.27.4&#8243; _module_preset=&#8221;6787be8e-08a8-4a36-9a24-a7b7376c980f&#8221; title_font=&#8221;Montserrat||||||||&#8221; title_text_align=&#8221;center&#8221; title_font_size=&#8221;22px&#8221; custom_margin=&#8221;||10px||false|false&#8221; global_colors_info=&#8221;{}&#8221;][\/et_pb_heading][et_pb_blog posts_number=&#8221;9&#8243; include_categories=&#8221;17,16&#8243; _builder_version=&#8221;4.27.4&#8243; _module_preset=&#8221;437e310f-7096-4f9d-9d22-fd349c81ec4f&#8221; header_font=&#8221;&#8211;et_global_heading_font|800|||||||&#8221; header_font_size=&#8221;18px&#8221; body_font=&#8221;Montserrat||||||||&#8221; global_colors_info=&#8221;{%22gcid-2ebbc52c-9ee6-4712-a077-fcaec9b98540%22:%91%22read_more_text_color%22,%22pagination_text_color%22,%22read_more_text_color%22,%22pagination_text_color%22%93}&#8221;][\/et_pb_blog][\/et_pb_column][\/et_pb_row][\/et_pb_section][et_pb_section fb_built=&#8221;1&#8243; admin_label=&#8221;Newsletter&#8221; _builder_version=&#8221;4.25.2&#8243; _module_preset=&#8221;default&#8221; background_color=&#8221;gcid-b6c4f12c-f25d-4f61-9fb1-6e96404634cd&#8221; locked=&#8221;off&#8221; global_colors_info=&#8221;{%22gcid-b6c4f12c-f25d-4f61-9fb1-6e96404634cd%22:%91%22background_color%22%93}&#8221;][\/et_pb_section][et_pb_section fb_built=&#8221;1&#8243; admin_label=&#8221;Footer&#8221; _builder_version=&#8221;4.27.4&#8243; _module_preset=&#8221;default&#8221; background_color=&#8221;#D6D6D6&#8243; custom_padding=&#8221;0px||0px||true|false&#8221; locked=&#8221;off&#8221; global_colors_info=&#8221;{}&#8221; theme_builder_area=&#8221;post_content&#8221;][et_pb_row column_structure=&#8221;2_5,3_5&#8243; make_equal=&#8221;on&#8221; _builder_version=&#8221;4.16&#8243; _module_preset=&#8221;default&#8221; custom_padding=&#8221;0px||0px||true|false&#8221; global_colors_info=&#8221;{}&#8221; theme_builder_area=&#8221;post_content&#8221;][et_pb_column type=&#8221;2_5&#8243; _builder_version=&#8221;4.16&#8243; _module_preset=&#8221;default&#8221; background_enable_color=&#8221;off&#8221; custom_padding=&#8221;8vw||8vw||true|false&#8221; custom_padding_tablet=&#8221;80px|0px|80px|0px|true|true&#8221; custom_padding_phone=&#8221;60px|0px|60px|0px|true|true&#8221; custom_padding_last_edited=&#8221;off|desktop&#8221; global_colors_info=&#8221;{}&#8221; theme_builder_area=&#8221;post_content&#8221;][et_pb_text _builder_version=&#8221;4.27.4&#8243; _module_preset=&#8221;7881ab5e-a97a-4c4b-9080-7f7a75e3a6bb&#8221; header_font=&#8221;||||||||&#8221; header_4_font=&#8221;Merriweather|700|||||||&#8221; header_4_text_color=&#8221;#000000&#8243; header_4_line_height=&#8221;1.6em&#8221; custom_margin=&#8221;||0px||false|false&#8221; header_4_font_size_tablet=&#8221;16px&#8221; header_4_font_size_phone=&#8221;14px&#8221; header_4_font_size_last_edited=&#8221;on|phone&#8221; header_4_line_height_tablet=&#8221;&#8221; header_4_line_height_phone=&#8221;1.8em&#8221; header_4_line_height_last_edited=&#8221;on|tablet&#8221; global_colors_info=&#8221;{}&#8221; theme_builder_area=&#8221;post_content&#8221;]<h4>Gdzie dzia\u0142amy?<\/h4>[\/et_pb_text][et_pb_text _builder_version=&#8221;4.16&#8243; _module_preset=&#8221;107910b9-168c-4dc6-8a4a-e56312f3346f&#8221; text_text_color=&#8221;#000000&#8243; text_line_height=&#8221;1.8em&#8221; custom_margin=&#8221;||30px||false|false&#8221; header_font_size_tablet=&#8221;55px&#8221; header_font_size_last_edited=&#8221;off|desktop&#8221; global_colors_info=&#8221;{}&#8221; theme_builder_area=&#8221;post_content&#8221;]<p>&nbsp;<\/p>\n<p><b>Detektyw Toru\u0144<\/b><\/p>\n<p><b>Detektyw Bydgoszcz<\/b><\/p>\n<p><b>Detektyw Grudzi\u0105dz<\/b><\/p>\n<p><b>Detektyw Inowroc\u0142aw<\/b><\/p>\n<p><b>Detektyw W\u0142oc\u0142awek<\/b><\/p>\n<p><b>Detektyw Che\u0142mno<\/b><\/p>\n<p><b>Detektyw Brodnica<\/b><\/p>[\/et_pb_text][et_pb_text _builder_version=&#8221;4.16&#8243; _module_preset=&#8221;7881ab5e-a97a-4c4b-9080-7f7a75e3a6bb&#8221; header_font=&#8221;||||||||&#8221; header_4_font=&#8221;Merriweather|700|||||||&#8221; header_4_text_color=&#8221;#000000&#8243; header_4_line_height=&#8221;1.6em&#8221; custom_margin=&#8221;||0px||false|false&#8221; header_4_font_size_tablet=&#8221;16px&#8221; header_4_font_size_phone=&#8221;14px&#8221; header_4_font_size_last_edited=&#8221;on|phone&#8221; header_4_line_height_tablet=&#8221;&#8221; header_4_line_height_phone=&#8221;1.8em&#8221; header_4_line_height_last_edited=&#8221;on|tablet&#8221; locked=&#8221;off&#8221; global_colors_info=&#8221;{}&#8221; theme_builder_area=&#8221;post_content&#8221;]<h4>Telefon kontaktowy<\/h4>[\/et_pb_text][et_pb_text _builder_version=&#8221;4.27.4&#8243; _module_preset=&#8221;107910b9-168c-4dc6-8a4a-e56312f3346f&#8221; text_text_color=&#8221;#000000&#8243; text_line_height=&#8221;1.8em&#8221; custom_margin=&#8221;||30px||false|false&#8221; header_font_size_tablet=&#8221;55px&#8221; header_font_size_last_edited=&#8221;off|desktop&#8221; locked=&#8221;off&#8221; global_colors_info=&#8221;{}&#8221; theme_builder_area=&#8221;post_content&#8221;]<p>790 554 301<\/p>[\/et_pb_text][et_pb_text _builder_version=&#8221;4.16&#8243; _module_preset=&#8221;7881ab5e-a97a-4c4b-9080-7f7a75e3a6bb&#8221; header_font=&#8221;||||||||&#8221; header_4_font=&#8221;Merriweather|700|||||||&#8221; header_4_text_color=&#8221;#000000&#8243; header_4_line_height=&#8221;1.6em&#8221; custom_margin=&#8221;||0px||false|false&#8221; header_4_font_size_tablet=&#8221;16px&#8221; header_4_font_size_phone=&#8221;14px&#8221; header_4_font_size_last_edited=&#8221;on|phone&#8221; header_4_line_height_tablet=&#8221;&#8221; header_4_line_height_phone=&#8221;1.8em&#8221; header_4_line_height_last_edited=&#8221;on|tablet&#8221; locked=&#8221;off&#8221; global_colors_info=&#8221;{}&#8221; theme_builder_area=&#8221;post_content&#8221;]<h4>Email<\/h4>[\/et_pb_text][et_pb_text _builder_version=&#8221;4.16&#8243; _module_preset=&#8221;107910b9-168c-4dc6-8a4a-e56312f3346f&#8221; text_text_color=&#8221;#000000&#8243; text_line_height=&#8221;1.8em&#8221; link_text_color=&#8221;#000000&#8243; header_font_size_tablet=&#8221;55px&#8221; header_font_size_last_edited=&#8221;off|desktop&#8221; locked=&#8221;off&#8221; global_colors_info=&#8221;{}&#8221; theme_builder_area=&#8221;post_content&#8221;]<p><a href=\"mailto:hello@divihardware.com\">kontakt@azdetektyw.pl<\/a><\/p>[\/et_pb_text][\/et_pb_column][et_pb_column type=&#8221;3_5&#8243; _builder_version=&#8221;4.16&#8243; _module_preset=&#8221;default&#8221; background_color=&#8221;#000000&#8243; custom_padding=&#8221;8vw||8vw|60px|true|false&#8221; custom_padding_tablet=&#8221;|30px||30px|false|true&#8221; custom_padding_phone=&#8221;|20px||20px|false|true&#8221; custom_padding_last_edited=&#8221;on|phone&#8221; box_shadow_style=&#8221;preset4&#8243; box_shadow_horizontal=&#8221;25vw&#8221; box_shadow_vertical=&#8221;0px&#8221; box_shadow_color=&#8221;#000000&#8243; box_shadow_horizontal_tablet=&#8221;0vw&#8221; box_shadow_horizontal_phone=&#8221;&#8221; box_shadow_horizontal_last_edited=&#8221;on|tablet&#8221; global_colors_info=&#8221;{}&#8221; theme_builder_area=&#8221;post_content&#8221;][et_pb_text _builder_version=&#8221;4.27.4&#8243; _module_preset=&#8221;b6cb9bd8-0fbd-4699-b58d-51b3d480db23&#8243; header_2_font=&#8221;Merriweather|700|||||||&#8221; header_2_text_color=&#8221;#FFFFFF&#8221; header_2_font_size=&#8221;52px&#8221; header_2_line_height=&#8221;1.2em&#8221; custom_margin=&#8221;||40px||false|false&#8221; custom_margin_tablet=&#8221;&#8221; custom_margin_phone=&#8221;||20px||false|false&#8221; custom_margin_last_edited=&#8221;on|phone&#8221; header_2_font_size_tablet=&#8221;32px&#8221; header_2_font_size_phone=&#8221;20px&#8221; header_2_font_size_last_edited=&#8221;on|tablet&#8221; header_2_line_height_tablet=&#8221;1.3em&#8221; header_2_line_height_phone=&#8221;1.4em&#8221; header_2_line_height_last_edited=&#8221;on|phone&#8221; inline_fonts=&#8221;ABeeZee&#8221; global_colors_info=&#8221;{}&#8221; theme_builder_area=&#8221;post_content&#8221;]<h2><span style=\"font-family: inherit; font-weight: normal;\">Skontaktuj si\u0119 z nami<\/span><\/h2>[\/et_pb_text][et_pb_contact_form captcha=&#8221;off&#8221; email=&#8221;azdetektyw@gmail.com&#8221; _builder_version=&#8221;4.27.4&#8243; _module_preset=&#8221;_initial&#8221; form_field_background_color=&#8221;RGBA(0,0,0,0)&#8221; form_field_text_color=&#8221;#FFFFFF&#8221; form_field_font_size=&#8221;16px&#8221; form_field_line_height=&#8221;1.8em&#8221; custom_button=&#8221;on&#8221; button_text_size=&#8221;14px&#8221; button_text_color=&#8221;#FFFFFF&#8221; button_bg_color=&#8221;#FD6439&#8243; button_border_width=&#8221;0px&#8221; button_border_radius=&#8221;0px&#8221; button_letter_spacing=&#8221;1px&#8221; button_font=&#8221;Merriweather|700||on|||||&#8221; button_icon=&#8221;&#x24;||divi||400&#8243; button_custom_margin=&#8221;8px||||false|false&#8221; button_custom_padding=&#8221;16px|32px|16px|32px|true|true&#8221; form_field_font_size_tablet=&#8221;15px&#8221; form_field_font_size_phone=&#8221;14px&#8221; form_field_font_size_last_edited=&#8221;on|desktop&#8221; border_width_all=&#8221;1px&#8221; border_color_all=&#8221;#FFFFFF&#8221; global_colors_info=&#8221;{}&#8221; theme_builder_area=&#8221;post_content&#8221;][et_pb_contact_field field_id=&#8221;Name&#8221; field_title=&#8221;wpisz swoje imi\u0119&#8221; _builder_version=&#8221;4.27.4&#8243; global_colors_info=&#8221;{}&#8221; button_text_size__hover_enabled=&#8221;off&#8221; button_one_text_size__hover_enabled=&#8221;off&#8221; button_two_text_size__hover_enabled=&#8221;off&#8221; button_text_color__hover_enabled=&#8221;off&#8221; button_one_text_color__hover_enabled=&#8221;off&#8221; button_two_text_color__hover_enabled=&#8221;off&#8221; button_border_width__hover_enabled=&#8221;off&#8221; button_one_border_width__hover_enabled=&#8221;off&#8221; button_two_border_width__hover_enabled=&#8221;off&#8221; button_border_color__hover_enabled=&#8221;off&#8221; button_one_border_color__hover_enabled=&#8221;off&#8221; button_two_border_color__hover_enabled=&#8221;off&#8221; button_border_radius__hover_enabled=&#8221;off&#8221; button_one_border_radius__hover_enabled=&#8221;off&#8221; button_two_border_radius__hover_enabled=&#8221;off&#8221; button_letter_spacing__hover_enabled=&#8221;off&#8221; button_one_letter_spacing__hover_enabled=&#8221;off&#8221; button_two_letter_spacing__hover_enabled=&#8221;off&#8221; button_bg_color__hover_enabled=&#8221;off&#8221; button_one_bg_color__hover_enabled=&#8221;off&#8221; button_two_bg_color__hover_enabled=&#8221;off&#8221; theme_builder_area=&#8221;post_content&#8221;][\/et_pb_contact_field][et_pb_contact_field field_id=&#8221;Email&#8221; field_title=&#8221;adres e-mail&#8221; field_type=&#8221;email&#8221; _builder_version=&#8221;4.27.4&#8243; global_colors_info=&#8221;{}&#8221; button_text_size__hover_enabled=&#8221;off&#8221; button_one_text_size__hover_enabled=&#8221;off&#8221; button_two_text_size__hover_enabled=&#8221;off&#8221; button_text_color__hover_enabled=&#8221;off&#8221; button_one_text_color__hover_enabled=&#8221;off&#8221; button_two_text_color__hover_enabled=&#8221;off&#8221; button_border_width__hover_enabled=&#8221;off&#8221; button_one_border_width__hover_enabled=&#8221;off&#8221; button_two_border_width__hover_enabled=&#8221;off&#8221; button_border_color__hover_enabled=&#8221;off&#8221; button_one_border_color__hover_enabled=&#8221;off&#8221; button_two_border_color__hover_enabled=&#8221;off&#8221; button_border_radius__hover_enabled=&#8221;off&#8221; button_one_border_radius__hover_enabled=&#8221;off&#8221; button_two_border_radius__hover_enabled=&#8221;off&#8221; button_letter_spacing__hover_enabled=&#8221;off&#8221; button_one_letter_spacing__hover_enabled=&#8221;off&#8221; button_two_letter_spacing__hover_enabled=&#8221;off&#8221; button_bg_color__hover_enabled=&#8221;off&#8221; button_one_bg_color__hover_enabled=&#8221;off&#8221; button_two_bg_color__hover_enabled=&#8221;off&#8221; theme_builder_area=&#8221;post_content&#8221;][\/et_pb_contact_field][et_pb_contact_field field_id=&#8221;Message&#8221; field_title=&#8221;opisz swoj\u0105 sytuacj\u0119&#8221; field_type=&#8221;text&#8221; fullwidth_field=&#8221;on&#8221; _builder_version=&#8221;4.27.4&#8243; global_colors_info=&#8221;{}&#8221; button_text_size__hover_enabled=&#8221;off&#8221; button_one_text_size__hover_enabled=&#8221;off&#8221; button_two_text_size__hover_enabled=&#8221;off&#8221; button_text_color__hover_enabled=&#8221;off&#8221; button_one_text_color__hover_enabled=&#8221;off&#8221; button_two_text_color__hover_enabled=&#8221;off&#8221; button_border_width__hover_enabled=&#8221;off&#8221; button_one_border_width__hover_enabled=&#8221;off&#8221; button_two_border_width__hover_enabled=&#8221;off&#8221; button_border_color__hover_enabled=&#8221;off&#8221; button_one_border_color__hover_enabled=&#8221;off&#8221; button_two_border_color__hover_enabled=&#8221;off&#8221; button_border_radius__hover_enabled=&#8221;off&#8221; button_one_border_radius__hover_enabled=&#8221;off&#8221; button_two_border_radius__hover_enabled=&#8221;off&#8221; button_letter_spacing__hover_enabled=&#8221;off&#8221; button_one_letter_spacing__hover_enabled=&#8221;off&#8221; button_two_letter_spacing__hover_enabled=&#8221;off&#8221; button_bg_color__hover_enabled=&#8221;off&#8221; button_one_bg_color__hover_enabled=&#8221;off&#8221; button_two_bg_color__hover_enabled=&#8221;off&#8221; theme_builder_area=&#8221;post_content&#8221;][\/et_pb_contact_field][\/et_pb_contact_form][\/et_pb_column][\/et_pb_row][\/et_pb_section]\n","protected":false},"excerpt":{"rendered":"<p>Gdzie dzia\u0142amy?&nbsp; Detektyw Toru\u0144 Detektyw Bydgoszcz Detektyw Grudzi\u0105dz Detektyw Inowroc\u0142aw Detektyw W\u0142oc\u0142awek Detektyw Che\u0142mno Detektyw BrodnicaTelefon kontaktowy790 554 301Emailkontakt@azdetektyw.plSkontaktuj si\u0119 z nami<\/p>\n","protected":false},"author":2,"featured_media":428,"parent":0,"menu_order":0,"comment_status":"closed","ping_status":"closed","template":"","meta":{"_et_pb_use_builder":"on","_et_pb_old_content":"","_et_gb_content_width":"","footnotes":""},"class_list":["post-407","page","type-page","status-publish","has-post-thumbnail","hentry"],"yoast_head":"<!-- This site is optimized with the Yoast SEO plugin v25.8 - https:\/\/yoast.com\/wordpress\/plugins\/seo\/ -->\n<title>Jedyne takie biuro detektywistyczne Toru\u0144<\/title>\n<meta name=\"description\" content=\"Specjalistki od wykrywania zdrad. Sprawy rozwodowe i alimentacyjne. Biuro detektywistyczne Toru\u0144. Jedyna taka agencja detektywistyczna.\" \/>\n<meta name=\"robots\" content=\"index, follow, max-snippet:-1, max-image-preview:large, max-video-preview:-1\" \/>\n<link rel=\"canonical\" href=\"https:\/\/azdetektyw.pl\/index.php\/detektyw-torun-blog\/\" \/>\n<meta property=\"og:locale\" content=\"pl_PL\" \/>\n<meta property=\"og:type\" content=\"article\" \/>\n<meta property=\"og:title\" content=\"Jedyne takie biuro detektywistyczne Toru\u0144\" \/>\n<meta property=\"og:description\" content=\"Specjalistki od wykrywania zdrad. Sprawy rozwodowe i alimentacyjne. Biuro detektywistyczne Toru\u0144. Jedyna taka agencja detektywistyczna.\" \/>\n<meta property=\"og:url\" content=\"https:\/\/azdetektyw.pl\/index.php\/detektyw-torun-blog\/\" \/>\n<meta property=\"og:site_name\" content=\"Azdetektyw\" \/>\n<meta property=\"article:modified_time\" content=\"2025-10-02T10:21:46+00:00\" \/>\n<meta property=\"og:image\" content=\"https:\/\/azdetektyw.pl\/wp-content\/uploads\/2025\/09\/Detektyw-Torun-1.png\" \/>\n\t<meta property=\"og:image:width\" content=\"1366\" \/>\n\t<meta property=\"og:image:height\" content=\"768\" \/>\n\t<meta property=\"og:image:type\" content=\"image\/png\" \/>\n<meta name=\"twitter:card\" content=\"summary_large_image\" \/>\n<meta name=\"twitter:label1\" content=\"Szacowany czas czytania\" \/>\n\t<meta name=\"twitter:data1\" content=\"4 minuty\" \/>\n<script type=\"application\/ld+json\" class=\"yoast-schema-graph\">{\"@context\":\"https:\/\/schema.org\",\"@graph\":[{\"@type\":\"WebPage\",\"@id\":\"https:\/\/azdetektyw.pl\/index.php\/detektyw-torun-blog\/\",\"url\":\"https:\/\/azdetektyw.pl\/index.php\/detektyw-torun-blog\/\",\"name\":\"Jedyne takie biuro detektywistyczne Toru\u0144\",\"isPartOf\":{\"@id\":\"https:\/\/azdetektyw.pl\/#website\"},\"primaryImageOfPage\":{\"@id\":\"https:\/\/azdetektyw.pl\/index.php\/detektyw-torun-blog\/#primaryimage\"},\"image\":{\"@id\":\"https:\/\/azdetektyw.pl\/index.php\/detektyw-torun-blog\/#primaryimage\"},\"thumbnailUrl\":\"https:\/\/azdetektyw.pl\/wp-content\/uploads\/2025\/09\/Detektyw-Torun-1.png\",\"datePublished\":\"2025-09-17T12:47:04+00:00\",\"dateModified\":\"2025-10-02T10:21:46+00:00\",\"description\":\"Specjalistki od wykrywania zdrad. Sprawy rozwodowe i alimentacyjne. Biuro detektywistyczne Toru\u0144. Jedyna taka agencja detektywistyczna.\",\"breadcrumb\":{\"@id\":\"https:\/\/azdetektyw.pl\/index.php\/detektyw-torun-blog\/#breadcrumb\"},\"inLanguage\":\"pl-PL\",\"potentialAction\":[{\"@type\":\"ReadAction\",\"target\":[\"https:\/\/azdetektyw.pl\/index.php\/detektyw-torun-blog\/\"]}]},{\"@type\":\"ImageObject\",\"inLanguage\":\"pl-PL\",\"@id\":\"https:\/\/azdetektyw.pl\/index.php\/detektyw-torun-blog\/#primaryimage\",\"url\":\"https:\/\/azdetektyw.pl\/wp-content\/uploads\/2025\/09\/Detektyw-Torun-1.png\",\"contentUrl\":\"https:\/\/azdetektyw.pl\/wp-content\/uploads\/2025\/09\/Detektyw-Torun-1.png\",\"width\":1366,\"height\":768,\"caption\":\"Detektyw Toru\u0144\"},{\"@type\":\"BreadcrumbList\",\"@id\":\"https:\/\/azdetektyw.pl\/index.php\/detektyw-torun-blog\/#breadcrumb\",\"itemListElement\":[{\"@type\":\"ListItem\",\"position\":1,\"name\":\"Strona g\u0142\u00f3wna\",\"item\":\"https:\/\/azdetektyw.pl\/\"},{\"@type\":\"ListItem\",\"position\":2,\"name\":\"Blog\"}]},{\"@type\":\"WebSite\",\"@id\":\"https:\/\/azdetektyw.pl\/#website\",\"url\":\"https:\/\/azdetektyw.pl\/\",\"name\":\"Azdetektyw\",\"description\":\"Jedyne takie biuro detektywistyczne\",\"potentialAction\":[{\"@type\":\"SearchAction\",\"target\":{\"@type\":\"EntryPoint\",\"urlTemplate\":\"https:\/\/azdetektyw.pl\/?s={search_term_string}\"},\"query-input\":{\"@type\":\"PropertyValueSpecification\",\"valueRequired\":true,\"valueName\":\"search_term_string\"}}],\"inLanguage\":\"pl-PL\"}]}<\/script>\n<!-- \/ Yoast SEO plugin. -->","yoast_head_json":{"title":"Jedyne takie biuro detektywistyczne Toru\u0144","description":"Specjalistki od wykrywania zdrad. Sprawy rozwodowe i alimentacyjne. Biuro detektywistyczne Toru\u0144. Jedyna taka agencja detektywistyczna.","robots":{"index":"index","follow":"follow","max-snippet":"max-snippet:-1","max-image-preview":"max-image-preview:large","max-video-preview":"max-video-preview:-1"},"canonical":"https:\/\/azdetektyw.pl\/index.php\/detektyw-torun-blog\/","og_locale":"pl_PL","og_type":"article","og_title":"Jedyne takie biuro detektywistyczne Toru\u0144","og_description":"Specjalistki od wykrywania zdrad. Sprawy rozwodowe i alimentacyjne. Biuro detektywistyczne Toru\u0144. Jedyna taka agencja detektywistyczna.","og_url":"https:\/\/azdetektyw.pl\/index.php\/detektyw-torun-blog\/","og_site_name":"Azdetektyw","article_modified_time":"2025-10-02T10:21:46+00:00","og_image":[{"width":1366,"height":768,"url":"https:\/\/azdetektyw.pl\/wp-content\/uploads\/2025\/09\/Detektyw-Torun-1.png","type":"image\/png"}],"twitter_card":"summary_large_image","twitter_misc":{"Szacowany czas czytania":"4 minuty"},"schema":{"@context":"https:\/\/schema.org","@graph":[{"@type":"WebPage","@id":"https:\/\/azdetektyw.pl\/index.php\/detektyw-torun-blog\/","url":"https:\/\/azdetektyw.pl\/index.php\/detektyw-torun-blog\/","name":"Jedyne takie biuro detektywistyczne Toru\u0144","isPartOf":{"@id":"https:\/\/azdetektyw.pl\/#website"},"primaryImageOfPage":{"@id":"https:\/\/azdetektyw.pl\/index.php\/detektyw-torun-blog\/#primaryimage"},"image":{"@id":"https:\/\/azdetektyw.pl\/index.php\/detektyw-torun-blog\/#primaryimage"},"thumbnailUrl":"https:\/\/azdetektyw.pl\/wp-content\/uploads\/2025\/09\/Detektyw-Torun-1.png","datePublished":"2025-09-17T12:47:04+00:00","dateModified":"2025-10-02T10:21:46+00:00","description":"Specjalistki od wykrywania zdrad. Sprawy rozwodowe i alimentacyjne. Biuro detektywistyczne Toru\u0144. Jedyna taka agencja detektywistyczna.","breadcrumb":{"@id":"https:\/\/azdetektyw.pl\/index.php\/detektyw-torun-blog\/#breadcrumb"},"inLanguage":"pl-PL","potentialAction":[{"@type":"ReadAction","target":["https:\/\/azdetektyw.pl\/index.php\/detektyw-torun-blog\/"]}]},{"@type":"ImageObject","inLanguage":"pl-PL","@id":"https:\/\/azdetektyw.pl\/index.php\/detektyw-torun-blog\/#primaryimage","url":"https:\/\/azdetektyw.pl\/wp-content\/uploads\/2025\/09\/Detektyw-Torun-1.png","contentUrl":"https:\/\/azdetektyw.pl\/wp-content\/uploads\/2025\/09\/Detektyw-Torun-1.png","width":1366,"height":768,"caption":"Detektyw Toru\u0144"},{"@type":"BreadcrumbList","@id":"https:\/\/azdetektyw.pl\/index.php\/detektyw-torun-blog\/#breadcrumb","itemListElement":[{"@type":"ListItem","position":1,"name":"Strona g\u0142\u00f3wna","item":"https:\/\/azdetektyw.pl\/"},{"@type":"ListItem","position":2,"name":"Blog"}]},{"@type":"WebSite","@id":"https:\/\/azdetektyw.pl\/#website","url":"https:\/\/azdetektyw.pl\/","name":"Azdetektyw","description":"Jedyne takie biuro detektywistyczne","potentialAction":[{"@type":"SearchAction","target":{"@type":"EntryPoint","urlTemplate":"https:\/\/azdetektyw.pl\/?s={search_term_string}"},"query-input":{"@type":"PropertyValueSpecification","valueRequired":true,"valueName":"search_term_string"}}],"inLanguage":"pl-PL"}]}},"_links":{"self":[{"href":"https:\/\/azdetektyw.pl\/index.php\/wp-json\/wp\/v2\/pages\/407","targetHints":{"allow":["GET"]}}],"collection":[{"href":"https:\/\/azdetektyw.pl\/index.php\/wp-json\/wp\/v2\/pages"}],"about":[{"href":"https:\/\/azdetektyw.pl\/index.php\/wp-json\/wp\/v2\/types\/page"}],"author":[{"embeddable":true,"href":"https:\/\/azdetektyw.pl\/index.php\/wp-json\/wp\/v2\/users\/2"}],"replies":[{"embeddable":true,"href":"https:\/\/azdetektyw.pl\/index.php\/wp-json\/wp\/v2\/comments?post=407"}],"version-history":[{"count":8,"href":"https:\/\/azdetektyw.pl\/index.php\/wp-json\/wp\/v2\/pages\/407\/revisions"}],"predecessor-version":[{"id":452,"href":"https:\/\/azdetektyw.pl\/index.php\/wp-json\/wp\/v2\/pages\/407\/revisions\/452"}],"wp:featuredmedia":[{"embeddable":true,"href":"https:\/\/azdetektyw.pl\/index.php\/wp-json\/wp\/v2\/media\/428"}],"wp:attachment":[{"href":"https:\/\/azdetektyw.pl\/index.php\/wp-json\/wp\/v2\/media?parent=407"}],"curies":[{"name":"wp","href":"https:\/\/api.w.org\/{rel}","templated":true}]}}